{"id":64,"date":"2015-10-29T01:01:11","date_gmt":"2015-10-29T00:01:11","guid":{"rendered":"http:\/\/aukos-boden.at\/?page_id=64"},"modified":"2015-10-29T01:06:14","modified_gmt":"2015-10-29T00:06:14","slug":"verkauf","status":"publish","type":"page","link":"https:\/\/aukos-boden.at\/?page_id=64","title":{"rendered":"Verkauf"},"content":{"rendered":"<h1>Parkett &#8211; Laminat &#8211; Teppich &#8211; PVC-B\u00f6den &#8211; und vieles mehr &#8230; in Linz und Linz Land<\/h1>\n<p>&nbsp;<\/p>\n<p>Unser Sortiment wird st\u00e4ndig erweitert, um f\u00fcr unsere Kunden immer die neuesten Produkte anbieten zu k\u00f6nnen.<\/p>\n<p>&nbsp;<\/p>\n<p><b>Folgende Artikel finden Sie in unserem umfangreichen Sortiment:<br \/>\n<\/b>Massivparkett<br \/>\nMosaikparkett<br \/>\nIndustrieparkett<br \/>\nLandhausdielen<br \/>\nFertigparkett<br \/>\nZweischichtparkett<br \/>\nDreischichtparkett<br \/>\nLaminat<br \/>\nKorkb\u00f6den<br \/>\nPVC-B\u00f6den<br \/>\nLinoleumb\u00f6den<br \/>\nTeppichb\u00f6den<\/p>\n<p>&nbsp;<\/p>\n<p>Sollte es Fragen dazu geben, beraten wir Sie gerne ausf\u00fchrlich und professionell.<\/p>\n<p>&nbsp;<\/p>\n<h2>Firma AUKOS Parkett in Linz f\u00fchrt auch<br \/>\nLaminat,\u00a0Teppich- und PVC-B\u00f6den<\/h2>\n<p>&nbsp;<\/p>\n<p><b>Weiters arbeiten wir mit professionellen Partnerbetrieben zusammen :<br \/>\n<\/b>MUREXIN<br \/>\nPallmann<br \/>\nWeitzer Parkett<br \/>\nINKU<br \/>\nBawart Parkett<br \/>\nReinlein<br \/>\nForbo<\/p>\n<p>&nbsp;<\/p>\n<p>Wir freuen uns, wenn Sie mit uns Kontakt aufnehmen und sind gerne f\u00fcr Sie da.<\/p>\n<p>&nbsp;<\/p>\n<h3>Ihr Fu\u00dfbodenfachbetrieb und Fachh\u00e4ndler in Linz und Linz Land &#8211; AUKOS Parkett<\/h3>\n<p>&nbsp;<\/p>\n","protected":false},"excerpt":{"rendered":"<p>Parkett &#8211; Laminat &#8211; Teppich &#8211; PVC-B\u00f6den &#8211; und vieles mehr &#8230; in Linz und Linz Land &nbsp; Unser Sortiment wird st\u00e4ndig erweitert, um f\u00fcr unsere Kunden immer die neuesten Produkte anbieten zu k\u00f6nnen. &nbsp; Folgende Artikel finden Sie in unserem umfangreichen Sortiment: Massivparkett Mosaikparkett Industrieparkett Landhausdielen Fertigparkett Zweischichtparkett Dreischichtparkett Laminat Korkb\u00f6den PVC-B\u00f6den Linoleumb\u00f6den Teppichb\u00f6den &nbsp; Sollte es Fragen dazu geben, beraten wir Sie gerne ausf\u00fchrlich und professionell. &nbsp; Firma&#8230;<\/p>\n","protected":false},"author":1,"featured_media":0,"parent":0,"menu_order":0,"comment_status":"closed","ping_status":"closed","template":"","meta":{"footnotes":""},"class_list":["post-64","page","type-page","status-publish","hentry"],"aioseo_notices":[],"_links":{"self":[{"href":"https:\/\/aukos-boden.at\/index.php?rest_route=\/wp\/v2\/pages\/64","targetHints":{"allow":["GET"]}}],"collection":[{"href":"https:\/\/aukos-boden.at\/index.php?rest_route=\/wp\/v2\/pages"}],"about":[{"href":"https:\/\/aukos-boden.at\/index.php?rest_route=\/wp\/v2\/types\/page"}],"author":[{"embeddable":true,"href":"https:\/\/aukos-boden.at\/index.php?rest_route=\/wp\/v2\/users\/1"}],"replies":[{"embeddable":true,"href":"https:\/\/aukos-boden.at\/index.php?rest_route=%2Fwp%2Fv2%2Fcomments&post=64"}],"version-history":[{"count":11,"href":"https:\/\/aukos-boden.at\/index.php?rest_route=\/wp\/v2\/pages\/64\/revisions"}],"predecessor-version":[{"id":75,"href":"https:\/\/aukos-boden.at\/index.php?rest_route=\/wp\/v2\/pages\/64\/revisions\/75"}],"wp:attachment":[{"href":"https:\/\/aukos-boden.at\/index.php?rest_route=%2Fwp%2Fv2%2Fmedia&parent=64"}],"curies":[{"name":"wp","href":"https:\/\/api.w.org\/{rel}","templated":true}]}}