{"id":6,"date":"2015-10-28T00:13:49","date_gmt":"2015-10-28T00:13:49","guid":{"rendered":"http:\/\/aukos-boden.at\/?page_id=6"},"modified":"2015-10-29T01:28:02","modified_gmt":"2015-10-29T00:28:02","slug":"startseite","status":"publish","type":"page","link":"https:\/\/aukos-boden.at\/","title":{"rendered":"Startseite"},"content":{"rendered":"<p><b>Herzlich willkommen auf der Homepage der Firma AUKOS &#8211; Ihrem Fu\u00dfbodenfachmann und Fachh\u00e4ndler<\/b><\/p>\n<div id=\"twoj_slideshow_69fcb2d7dba1d\" class=\"twoj_slideshow\" data-auto=\"false\"  data-width=\"100%\" data-height=\"0\"  data-minwidth=\"300\" data-minheight=\"0\"  data-maxwidth=\"100%\" data-maxheight=\"0\"  data-ratio=\"800\/600\"  data-nav=\"dots\" data-allowfullscreen=\"true\"  data-arrows=\"true\"  data-keyboard=\"true\"  data-transition=\"crossfade\"  data-transitionduration=\"845\"  data-loop=\"1\"  data-autoplay=\"7125\"  data-stopautoplayontouch=\"true\"  data-fit=\"scaledown\"  data-margin=\"2\"  data-thumbmargin=\"2\"  data-thumbborderwidth=\"0\"  data-thumbwidth=\"120\"   data-thumbheight=\"60\" ><a  href=\"https:\/\/aukos-boden.at\/wp-content\/uploads\/2015\/10\/Logo.jpg\" ><img loading=\"lazy\" decoding=\"async\" src=\"https:\/\/aukos-boden.at\/wp-content\/uploads\/2015\/10\/Logo-300x199.jpg\"  alt=\"Logo\" width=\"300\" height=\"199\"><\/a><a  href=\"https:\/\/aukos-boden.at\/wp-content\/uploads\/2015\/10\/577213_eb.jpg\" ><img loading=\"lazy\" decoding=\"async\" src=\"https:\/\/aukos-boden.at\/wp-content\/uploads\/2015\/10\/577213_eb-300x200.jpg\"  alt=\"577213_eb\" width=\"300\" height=\"200\"><\/a><a  href=\"https:\/\/aukos-boden.at\/wp-content\/uploads\/2015\/10\/95634_eb.jpg\" ><img loading=\"lazy\" decoding=\"async\" src=\"https:\/\/aukos-boden.at\/wp-content\/uploads\/2015\/10\/95634_eb-300x200.jpg\"  alt=\"95634_eb\" width=\"300\" height=\"200\"><\/a><\/div><div style=\"clear: both;\"><\/div><script>var twoj_slideshow_69fcb2d7dba1d = {}, twoj_slideshow_69fcb2d7dba1d_css = \"\",\r\n\t\thead = document.head || document.getElementsByTagName(\"head\")[0],\r\n\t\tstyle = document.createElement(\"style\");\r\n\t\tstyle.type = \"text\/css\";\r\n\t\tif (style.styleSheet) style.styleSheet.cssText = twoj_slideshow_69fcb2d7dba1d_css;\r\n\t\t\telse  style.appendChild(document.createTextNode(twoj_slideshow_69fcb2d7dba1d_css));\r\n\t\thead.appendChild(style);<\/script>\n<p>Unser Unternehmen ist ein umfangreicher Handelsbetrieb mit eigenen Verlege-Service.<br \/>\nFachm\u00e4nnisch geschultes Personal bietet Ihnen professionelle und kompetente Beratung.<br \/>\nOb direkt bei Ihnen vor Ort oder in unserem umfangreichen Parkett Studio, wir sind stets bem\u00fcht, alle unsere Kunden zufrieden zu stellen.<\/p>\n<p>In unserem <b>Parkett-Studio<\/b> finden Sie von Massivparkett, Mosaikparkett \u00fcber Fertigparkett bis hin zu Teppich- und PVC-B\u00f6den ein umfangreiches Sortiment.<\/p>\n<p>Bitte entnehmen Sie <a href=\"http:\/\/www.aukos-parkettundboeden.at\/de\/leistungen\/linz\/\">hier<\/a> n\u00e4here Informationen \u00fcber unser &#8222;Verlegeservice und Dienstleistungen&#8220;.<br \/>\nIm Men\u00fcpunkt &#8222;<a href=\"http:\/\/www.aukos-parkettundboeden.at\/de\/verkauf\/linz\/\">VERKAUF<\/a>&#8220;\u00a0 finden Sie weitere Artikel unseres umfangreichen Sortiments und unsere Partnerfirmen.<\/p>\n<p>&nbsp;<\/p>\n<h2>Verkauf und Verlegen, Schleifen und Versiegeln<\/h2>\n<p>&nbsp;<\/p>\n<p>Damit wir unseren Kunden laufend auch die neuesten Trends anbieten k\u00f6nnen, arbeiten wir mit professionellen Partnerbetrieben zusammen und erweitern st\u00e4ndig unser Sortiment.<\/p>\n<p>Selbstverst\u00e4ndlich stehen f\u00fcr Sie kostenlose Kundenparkpl\u00e4tze zur Verf\u00fcgung.<\/p>\n<p>Wir freuen uns, wenn Sie mit uns <a href=\"http:\/\/aukos-boden.at\/?page_id=13\">Kontakt<\/a> aufnehmen und sind gerne f\u00fcr Sie da.<\/p>\n<p>&nbsp;<\/p>\n<h3>Parkettboden &#8211; Verkauf, Verlegung, Schleifen, Sanieren<\/h3>\n<h3>&#8211; AUKOS Parkett &#8211;<\/h3>\n<h3>Ihr Fu\u00dfboden-Fachbetrieb in Linz und Linz Land<\/h3>\n","protected":false},"excerpt":{"rendered":"<p>Herzlich willkommen auf der Homepage der Firma AUKOS &#8211; Ihrem Fu\u00dfbodenfachmann und Fachh\u00e4ndler Unser Unternehmen ist ein umfangreicher Handelsbetrieb mit eigenen Verlege-Service. Fachm\u00e4nnisch geschultes Personal bietet Ihnen professionelle und kompetente Beratung. Ob direkt bei Ihnen vor Ort oder in unserem umfangreichen Parkett Studio, wir sind stets bem\u00fcht, alle unsere Kunden zufrieden zu stellen. In unserem Parkett-Studio finden Sie von Massivparkett, Mosaikparkett \u00fcber Fertigparkett bis hin zu Teppich- und PVC-B\u00f6den ein&#8230;<\/p>\n","protected":false},"author":1,"featured_media":0,"parent":0,"menu_order":0,"comment_status":"closed","ping_status":"closed","template":"","meta":{"footnotes":""},"class_list":["post-6","page","type-page","status-publish","hentry"],"aioseo_notices":[],"_links":{"self":[{"href":"https:\/\/aukos-boden.at\/index.php?rest_route=\/wp\/v2\/pages\/6","targetHints":{"allow":["GET"]}}],"collection":[{"href":"https:\/\/aukos-boden.at\/index.php?rest_route=\/wp\/v2\/pages"}],"about":[{"href":"https:\/\/aukos-boden.at\/index.php?rest_route=\/wp\/v2\/types\/page"}],"author":[{"embeddable":true,"href":"https:\/\/aukos-boden.at\/index.php?rest_route=\/wp\/v2\/users\/1"}],"replies":[{"embeddable":true,"href":"https:\/\/aukos-boden.at\/index.php?rest_route=%2Fwp%2Fv2%2Fcomments&post=6"}],"version-history":[{"count":14,"href":"https:\/\/aukos-boden.at\/index.php?rest_route=\/wp\/v2\/pages\/6\/revisions"}],"predecessor-version":[{"id":84,"href":"https:\/\/aukos-boden.at\/index.php?rest_route=\/wp\/v2\/pages\/6\/revisions\/84"}],"wp:attachment":[{"href":"https:\/\/aukos-boden.at\/index.php?rest_route=%2Fwp%2Fv2%2Fmedia&parent=6"}],"curies":[{"name":"wp","href":"https:\/\/api.w.org\/{rel}","templated":true}]}}