{"id":57,"date":"2015-10-29T00:50:00","date_gmt":"2015-10-28T23:50:00","guid":{"rendered":"http:\/\/aukos-boden.at\/?page_id=57"},"modified":"2015-10-29T00:54:29","modified_gmt":"2015-10-28T23:54:29","slug":"partner","status":"publish","type":"page","link":"https:\/\/aukos-boden.at\/?page_id=57","title":{"rendered":"Partner"},"content":{"rendered":"<h1>Parkettb\u00f6den von AUKOS in Linz und Linz Land<\/h1>\n<p style=\"text-align: justify;\">Parkettb\u00f6den sind zeitlos sch\u00f6n und unterst\u00fctzen das gesunde Wohnen. Ein Holzfu\u00dfboden erf\u00fcllt viele W\u00fcnsche. Parkettb\u00f6den sind pflegeleicht und hygienisch und harmonieren mit jeder Heiztechnik.<br \/>\nDamit wir das Preis-\/ Leistungsverh\u00e4ltnis halten k\u00f6nnen und Ihnen immer das Beste bieten k\u00f6nnen, arbeiten wir mit diesen ausgew\u00e4hlten Partnern zusammen.<\/p>\n<p><b>Parkett f\u00fcr den Profi<br \/>\n<\/b><a href=\"http:\/\/aukos-boden.at\/wp-content\/uploads\/2015\/10\/193348_th.jpg\"><img loading=\"lazy\" decoding=\"async\" class=\"alignnone size-full wp-image-20\" src=\"http:\/\/aukos-boden.at\/wp-content\/uploads\/2015\/10\/193348_th.jpg\" alt=\"193348_th\" width=\"180\" height=\"66\" \/><\/a><\/p>\n<p><b>Tauchen Sie ein in \u00d6sterreichs marktf\u00fchrendes Raumausstatterunternehmen.<br \/>\n<\/b><a href=\"http:\/\/aukos-boden.at\/wp-content\/uploads\/2015\/10\/193349_th.jpg\"><img loading=\"lazy\" decoding=\"async\" class=\"alignnone size-full wp-image-21\" src=\"http:\/\/aukos-boden.at\/wp-content\/uploads\/2015\/10\/193349_th.jpg\" alt=\"193349_th\" width=\"180\" height=\"66\" \/><\/a><\/p>\n<p><b>Kleben &#8211; Verfliesen &#8211; Bauen &#8211; Malen &#8211; D\u00e4mmen<br \/>\n<\/b><a href=\"http:\/\/aukos-boden.at\/wp-content\/uploads\/2015\/10\/193350_th.jpg\"><img loading=\"lazy\" decoding=\"async\" class=\"alignnone size-full wp-image-22\" src=\"http:\/\/aukos-boden.at\/wp-content\/uploads\/2015\/10\/193350_th.jpg\" alt=\"193350_th\" width=\"180\" height=\"66\" \/><\/a><\/p>\n<p><b>Alles andere als oberfl\u00e4chlich<br \/>\n<\/b><a href=\"http:\/\/aukos-boden.at\/wp-content\/uploads\/2015\/10\/193351_th.jpg\"><img loading=\"lazy\" decoding=\"async\" class=\"alignnone size-full wp-image-23\" src=\"http:\/\/aukos-boden.at\/wp-content\/uploads\/2015\/10\/193351_th.jpg\" alt=\"193351_th\" width=\"180\" height=\"66\" \/><\/a><\/p>\n<p><b>Parkett, Stiegen, Treppen und Boden<br \/>\n<\/b><a href=\"http:\/\/aukos-boden.at\/wp-content\/uploads\/2015\/10\/193347_th.jpg\"><img loading=\"lazy\" decoding=\"async\" class=\"alignnone size-full wp-image-19\" src=\"http:\/\/aukos-boden.at\/wp-content\/uploads\/2015\/10\/193347_th.jpg\" alt=\"193347_th\" width=\"180\" height=\"66\" \/><\/a><\/p>\n<p>&nbsp;<\/p>\n<p><b>Rufen Sie uns an oder senden Sie uns eine unverbindliche <a href=\"http:\/\/aukos-boden.at\/?page_id=13\">Anfrage<\/a><\/b><\/p>\n<h3>Parkettb\u00f6den von AUKOS in Linz und Linz Land \u2013 f\u00fcr Ihren sch\u00f6nen Boden<\/h3>\n","protected":false},"excerpt":{"rendered":"<p>Parkettb\u00f6den von AUKOS in Linz und Linz Land Parkettb\u00f6den sind zeitlos sch\u00f6n und unterst\u00fctzen das gesunde Wohnen. Ein Holzfu\u00dfboden erf\u00fcllt viele W\u00fcnsche. Parkettb\u00f6den sind pflegeleicht und hygienisch und harmonieren mit jeder Heiztechnik. Damit wir das Preis-\/ Leistungsverh\u00e4ltnis halten k\u00f6nnen und Ihnen immer das Beste bieten k\u00f6nnen, arbeiten wir mit diesen ausgew\u00e4hlten Partnern zusammen. Parkett f\u00fcr den Profi Tauchen Sie ein in \u00d6sterreichs marktf\u00fchrendes Raumausstatterunternehmen. Kleben &#8211; Verfliesen &#8211; Bauen &#8211;&#8230;<\/p>\n","protected":false},"author":1,"featured_media":0,"parent":0,"menu_order":0,"comment_status":"closed","ping_status":"closed","template":"","meta":{"footnotes":""},"class_list":["post-57","page","type-page","status-publish","hentry"],"aioseo_notices":[],"_links":{"self":[{"href":"https:\/\/aukos-boden.at\/index.php?rest_route=\/wp\/v2\/pages\/57","targetHints":{"allow":["GET"]}}],"collection":[{"href":"https:\/\/aukos-boden.at\/index.php?rest_route=\/wp\/v2\/pages"}],"about":[{"href":"https:\/\/aukos-boden.at\/index.php?rest_route=\/wp\/v2\/types\/page"}],"author":[{"embeddable":true,"href":"https:\/\/aukos-boden.at\/index.php?rest_route=\/wp\/v2\/users\/1"}],"replies":[{"embeddable":true,"href":"https:\/\/aukos-boden.at\/index.php?rest_route=%2Fwp%2Fv2%2Fcomments&post=57"}],"version-history":[{"count":6,"href":"https:\/\/aukos-boden.at\/index.php?rest_route=\/wp\/v2\/pages\/57\/revisions"}],"predecessor-version":[{"id":63,"href":"https:\/\/aukos-boden.at\/index.php?rest_route=\/wp\/v2\/pages\/57\/revisions\/63"}],"wp:attachment":[{"href":"https:\/\/aukos-boden.at\/index.php?rest_route=%2Fwp%2Fv2%2Fmedia&parent=57"}],"curies":[{"name":"wp","href":"https:\/\/api.w.org\/{rel}","templated":true}]}}